{"id":2876,"date":"2025-04-21T20:13:56","date_gmt":"2025-04-21T19:13:56","guid":{"rendered":"https:\/\/blog.exkalibr.cz\/?page_id=2876"},"modified":"2025-04-21T20:13:56","modified_gmt":"2025-04-21T19:13:56","slug":"o-nas","status":"publish","type":"page","link":"https:\/\/blog.exkalibr.cz\/index.php\/o-nas\/","title":{"rendered":"O n\u00e1s"},"content":{"rendered":"<p>Provozovatelem webu blog.exkalibr.cz je\u00a0spole\u010dnost EXKALIBR s.r.o.<\/p>\n<h2>Kontaktn\u00ed a faktura\u010dn\u00ed \u00fadaje<\/h2>\n<p><strong>N\u00e1zev spole\u010dnosti:\u00a0<\/strong>EXKALIBR s.r.o.<br \/>\n<strong>S\u00eddlo spole\u010dnosti:\u00a0<\/strong>T\u0159inec &#8211; Nebory 613, PS\u010c 739 61 (C 14894 veden\u00e1 u Krajsk\u00e9ho soudu v Ostrav\u011b)<br \/>\n<strong>Identifika\u010dn\u00ed \u010d\u00edslo:\u00a0<\/strong>25359525<br \/>\n<strong>Da\u0148ov\u00e9 identifika\u010dn\u00ed \u010d\u00edslo:\u00a0<\/strong>CZ25359525<br \/>\n<strong>Telefon:\u00a0<\/strong>+420 558 731 917<br \/>\n<strong>E-mail:\u00a0<\/strong><a href=\"mailto:info@exkalibr.cz\">info@exkalibr.cz<\/a><br \/>\n<strong>Bankovn\u00ed spojen\u00ed:\u00a0<\/strong>2800531300\/2010 (Fio banka, a.s.\u00a0)<\/p>\n<p>&nbsp;<\/p>\n","protected":false},"excerpt":{"rendered":"<p>Provozovatelem webu blog.exkalibr.cz je\u00a0spole\u010dnost EXKALIBR s.r.o. Kontaktn\u00ed a faktura\u010dn\u00ed \u00fadaje N\u00e1zev spole\u010dnosti:\u00a0EXKALIBR s.r.o. S\u00eddlo spole\u010dnosti:\u00a0T\u0159inec &#8211; Nebory 613, PS\u010c 739 61 (C 14894 veden\u00e1 u Krajsk\u00e9ho soudu v Ostrav\u011b) Identifika\u010dn\u00ed&#8230;<\/p>\n","protected":false},"author":1,"featured_media":0,"parent":0,"menu_order":0,"comment_status":"closed","ping_status":"closed","template":"","meta":{"footnotes":""},"_links":{"self":[{"href":"https:\/\/blog.exkalibr.cz\/index.php\/wp-json\/wp\/v2\/pages\/2876"}],"collection":[{"href":"https:\/\/blog.exkalibr.cz\/index.php\/wp-json\/wp\/v2\/pages"}],"about":[{"href":"https:\/\/blog.exkalibr.cz\/index.php\/wp-json\/wp\/v2\/types\/page"}],"author":[{"embeddable":true,"href":"https:\/\/blog.exkalibr.cz\/index.php\/wp-json\/wp\/v2\/users\/1"}],"replies":[{"embeddable":true,"href":"https:\/\/blog.exkalibr.cz\/index.php\/wp-json\/wp\/v2\/comments?post=2876"}],"version-history":[{"count":1,"href":"https:\/\/blog.exkalibr.cz\/index.php\/wp-json\/wp\/v2\/pages\/2876\/revisions"}],"predecessor-version":[{"id":2877,"href":"https:\/\/blog.exkalibr.cz\/index.php\/wp-json\/wp\/v2\/pages\/2876\/revisions\/2877"}],"wp:attachment":[{"href":"https:\/\/blog.exkalibr.cz\/index.php\/wp-json\/wp\/v2\/media?parent=2876"}],"curies":[{"name":"wp","href":"https:\/\/api.w.org\/{rel}","templated":true}]}}